{"id":1808,"date":"2026-02-11T11:03:39","date_gmt":"2026-02-11T11:03:39","guid":{"rendered":"https:\/\/www.seniortravelturkey.com\/de\/?page_id=1808"},"modified":"2026-03-25T10:06:52","modified_gmt":"2026-03-25T10:06:52","slug":"packages","status":"publish","type":"page","link":"https:\/\/www.seniortravelturkey.com\/de\/packages\/","title":{"rendered":"Pauschalangebote"},"content":{"rendered":"<style>.kb-row-layout-id1808_1a276a-30 > .kt-row-column-wrap{align-content:start;}:where(.kb-row-layout-id1808_1a276a-30 > .kt-row-column-wrap) > .wp-block-kadence-column{justify-content:start;}.kb-row-layout-id1808_1a276a-30 > .kt-row-column-wrap{column-gap:var(--global-kb-gap-md, 2rem);row-gap:var(--global-kb-gap-md, 2rem);grid-template-columns:minmax(0, 1fr);}.kb-row-layout-id1808_1a276a-30 > .kt-row-layout-overlay{opacity:0.30;}@media all and (min-width: 1025px){.kb-row-layout-id1808_1a276a-30{display:none !important;}}@media all and (max-width: 1024px){.kb-row-layout-id1808_1a276a-30 > .kt-row-column-wrap{grid-template-columns:minmax(0, 1fr);}}@media all and (max-width: 767px){.kb-row-layout-id1808_1a276a-30 > .kt-row-column-wrap{grid-template-columns:minmax(0, 1fr);}}<\/style><div class=\"kb-row-layout-wrap kb-row-layout-id1808_1a276a-30 alignnone kb-v-lg-hidden wp-block-kadence-rowlayout\"><div class=\"kt-row-column-wrap kt-has-1-columns kt-row-layout-equal kt-tab-layout-inherit kt-mobile-layout-row kt-row-valign-top\">\n<style>.kadence-column1808_afc6c0-81 > .kt-inside-inner-col,.kadence-column1808_afc6c0-81 > .kt-inside-inner-col:before{border-top-left-radius:0px;border-top-right-radius:0px;border-bottom-right-radius:0px;border-bottom-left-radius:0px;}.kadence-column1808_afc6c0-81 > .kt-inside-inner-col{column-gap:var(--global-kb-gap-sm, 1rem);}.kadence-column1808_afc6c0-81 > .kt-inside-inner-col{flex-direction:column;}.kadence-column1808_afc6c0-81 > .kt-inside-inner-col > .aligncenter{width:100%;}.kadence-column1808_afc6c0-81 > .kt-inside-inner-col:before{opacity:0.3;}.kadence-column1808_afc6c0-81{position:relative;}@media all and (max-width: 1024px){.kadence-column1808_afc6c0-81 > .kt-inside-inner-col{flex-direction:column;justify-content:center;}}@media all and (max-width: 767px){.kadence-column1808_afc6c0-81 > .kt-inside-inner-col{flex-direction:column;justify-content:center;}}<\/style>\n<div class=\"wp-block-kadence-column kadence-column1808_afc6c0-81\"><div class=\"kt-inside-inner-col\"><style>.kb-row-layout-id1808_5ca91c-bc > .kt-row-column-wrap{align-content:center;}:where(.kb-row-layout-id1808_5ca91c-bc > .kt-row-column-wrap) > .wp-block-kadence-column{justify-content:center;}.kb-row-layout-id1808_5ca91c-bc > .kt-row-column-wrap{column-gap:var(--global-kb-gap-md, 2rem);row-gap:var(--global-kb-gap-md, 2rem);max-width:var( --global-content-width, 1290px );padding-left:var(--global-content-edge-padding);padding-right:var(--global-content-edge-padding);padding-top:24px;padding-bottom:24px;min-height:450px;grid-template-columns:minmax(0, 1fr);}.kb-row-layout-id1808_5ca91c-bc{border-top-left-radius:37px;border-top-right-radius:37px;border-bottom-right-radius:37px;border-bottom-left-radius:37px;overflow:clip;isolation:isolate;}.kb-row-layout-id1808_5ca91c-bc > .kt-row-layout-overlay{border-top-left-radius:37px;border-top-right-radius:37px;border-bottom-right-radius:37px;border-bottom-left-radius:37px;}.kb-row-layout-id1808_5ca91c-bc{background-image:url('https:\/\/www.seniortravelturkey.com\/de\/wp-content\/uploads\/2026\/02\/burdur.jpg');background-size:cover;background-position:52% 36%;background-attachment:scroll;background-repeat:no-repeat;}.kb-row-layout-id1808_5ca91c-bc > .kt-row-layout-overlay{opacity:0.60;background:linear-gradient(177deg,rgb(15,15,15) 0%,rgb(12,12,12) 100%);}@media all and (max-width: 1024px){.kb-row-layout-id1808_5ca91c-bc > .kt-row-column-wrap{grid-template-columns:minmax(0, 1fr);}}@media all and (max-width: 767px){.kb-row-layout-wrap.wp-block-kadence-rowlayout.kb-row-layout-id1808_5ca91c-bc{margin-top:20px;}.kb-row-layout-id1808_5ca91c-bc > .kt-row-column-wrap{grid-template-columns:minmax(0, 1fr);}}<\/style><div class=\"kb-row-layout-wrap kb-row-layout-id1808_5ca91c-bc alignnone kt-row-has-bg wp-block-kadence-rowlayout\"><div class=\"kt-row-layout-overlay kt-row-overlay-gradient\"><\/div><div class=\"kt-row-column-wrap kt-has-1-columns kt-row-layout-equal kt-tab-layout-inherit kt-mobile-layout-row kt-row-valign-middle kb-theme-content-width\">\n<style>.kadence-column1808_7aa611-0f > .kt-inside-inner-col{display:flex;}.kadence-column1808_7aa611-0f > .kt-inside-inner-col,.kadence-column1808_7aa611-0f > .kt-inside-inner-col:before{border-top-left-radius:0px;border-top-right-radius:0px;border-bottom-right-radius:0px;border-bottom-left-radius:0px;}.kadence-column1808_7aa611-0f > .kt-inside-inner-col{column-gap:var(--global-kb-gap-sm, 1rem);}.kadence-column1808_7aa611-0f > .kt-inside-inner-col{flex-direction:column;justify-content:center;}.kadence-column1808_7aa611-0f > .kt-inside-inner-col > .aligncenter{width:100%;}.kt-row-column-wrap > .kadence-column1808_7aa611-0f{align-self:center;}.kt-inner-column-height-full:not(.kt-has-1-columns) > .wp-block-kadence-column.kadence-column1808_7aa611-0f{align-self:auto;}.kt-inner-column-height-full:not(.kt-has-1-columns) > .wp-block-kadence-column.kadence-column1808_7aa611-0f > .kt-inside-inner-col{flex-direction:column;justify-content:center;}.kadence-column1808_7aa611-0f > .kt-inside-inner-col:before{opacity:0.3;}.kadence-column1808_7aa611-0f{position:relative;}@media all and (max-width: 1024px){.kt-row-column-wrap > .kadence-column1808_7aa611-0f{align-self:center;}}@media all and (max-width: 1024px){.kt-inner-column-height-full:not(.kt-has-1-columns) > .wp-block-kadence-column.kadence-column1808_7aa611-0f{align-self:auto;}}@media all and (max-width: 1024px){.kt-inner-column-height-full:not(.kt-has-1-columns) > .wp-block-kadence-column.kadence-column1808_7aa611-0f > .kt-inside-inner-col{flex-direction:column;justify-content:center;}}@media all and (max-width: 1024px){.kadence-column1808_7aa611-0f > .kt-inside-inner-col{flex-direction:column;justify-content:center;}}@media all and (max-width: 767px){.kt-row-column-wrap > .kadence-column1808_7aa611-0f{align-self:center;}.kt-inner-column-height-full:not(.kt-has-1-columns) > .wp-block-kadence-column.kadence-column1808_7aa611-0f{align-self:auto;}.kt-inner-column-height-full:not(.kt-has-1-columns) > .wp-block-kadence-column.kadence-column1808_7aa611-0f > .kt-inside-inner-col{flex-direction:column;justify-content:center;}.kadence-column1808_7aa611-0f > .kt-inside-inner-col{flex-direction:column;justify-content:center;}}<\/style>\n<div class=\"wp-block-kadence-column kadence-column1808_7aa611-0f\"><div class=\"kt-inside-inner-col\"><style>.wp-block-kadence-advancedheading.kt-adv-heading1808_bdaad5-32, .wp-block-kadence-advancedheading.kt-adv-heading1808_bdaad5-32[data-kb-block=\"kb-adv-heading1808_bdaad5-32\"]{text-align:center;font-style:normal;}.wp-block-kadence-advancedheading.kt-adv-heading1808_bdaad5-32 mark.kt-highlight, .wp-block-kadence-advancedheading.kt-adv-heading1808_bdaad5-32[data-kb-block=\"kb-adv-heading1808_bdaad5-32\"] mark.kt-highlight{font-style:normal;color:#f76a0c;-webkit-box-decoration-break:clone;box-decoration-break:clone;padding-top:0px;padding-right:0px;padding-bottom:0px;padding-left:0px;}.wp-block-kadence-advancedheading.kt-adv-heading1808_bdaad5-32 img.kb-inline-image, .wp-block-kadence-advancedheading.kt-adv-heading1808_bdaad5-32[data-kb-block=\"kb-adv-heading1808_bdaad5-32\"] img.kb-inline-image{width:150px;vertical-align:baseline;}<\/style>\n<h2 class=\"kt-adv-heading1808_bdaad5-32 wp-block-kadence-advancedheading has-theme-palette-9-color has-text-color\" data-kb-block=\"kb-adv-heading1808_bdaad5-32\"><strong><strong>Seniorenfreundliche Reisepakete<\/strong><\/strong><\/h2>\n\n\n\n<p class=\"has-text-align-center has-theme-palette-9-color has-text-color has-link-color wp-elements-16dde0091f1d091fc5ca202e594dab8f\">Wir bieten sorgf\u00e4ltig gestaltete Reiseerlebnisse an 6 einzigartigen Reisezielen mit 4 ma\u00dfgeschneiderten Paketen f\u00fcr unterschiedliche Bed\u00fcrfnisse und Vorlieben. Bitte w\u00e4hlen Sie Ihr Reiseziel aus und entdecken Sie das Paket, das am besten zu Ihrer Reise passt.<\/p>\n<\/div><\/div>\n\n<\/div><\/div><\/div><\/div>\n\n<\/div><\/div>\n\n<style>.kb-row-layout-id1808_4a4e1d-b7 > .kt-row-column-wrap{align-content:center;}:where(.kb-row-layout-id1808_4a4e1d-b7 > .kt-row-column-wrap) > .wp-block-kadence-column{justify-content:center;}.kb-row-layout-id1808_4a4e1d-b7 > .kt-row-column-wrap{column-gap:var(--global-kb-gap-md, 2rem);row-gap:var(--global-kb-gap-md, 2rem);max-width:var( --global-content-width, 1290px );padding-left:var(--global-content-edge-padding);padding-right:var(--global-content-edge-padding);padding-top:24px;padding-bottom:24px;min-height:450px;grid-template-columns:minmax(0, 1fr);}.kb-row-layout-id1808_4a4e1d-b7{border-top-left-radius:37px;border-top-right-radius:37px;border-bottom-right-radius:37px;border-bottom-left-radius:37px;overflow:clip;isolation:isolate;}.kb-row-layout-id1808_4a4e1d-b7 > .kt-row-layout-overlay{border-top-left-radius:37px;border-top-right-radius:37px;border-bottom-right-radius:37px;border-bottom-left-radius:37px;}.kb-row-layout-id1808_4a4e1d-b7{background-image:url('https:\/\/www.seniortravelturkey.com\/de\/wp-content\/uploads\/2026\/02\/burdur.jpg');background-size:cover;background-position:52% 36%;background-attachment:scroll;background-repeat:no-repeat;}.kb-row-layout-id1808_4a4e1d-b7 > .kt-row-layout-overlay{opacity:0.60;background:linear-gradient(177deg,rgb(15,15,15) 0%,rgb(12,12,12) 100%);}@media all and (max-width: 1024px){.kb-row-layout-id1808_4a4e1d-b7 > .kt-row-column-wrap{grid-template-columns:minmax(0, 1fr);}}@media all and (min-width: 768px) and (max-width: 1024px){.kb-row-layout-id1808_4a4e1d-b7{display:none !important;}}@media all and (max-width: 767px){.kb-row-layout-id1808_4a4e1d-b7 > .kt-row-column-wrap{grid-template-columns:minmax(0, 1fr);}.kb-row-layout-id1808_4a4e1d-b7{display:none !important;}}<\/style><div class=\"kb-row-layout-wrap kb-row-layout-id1808_4a4e1d-b7 alignfull kb-v-md-hidden kb-v-sm-hidden kt-row-has-bg wp-block-kadence-rowlayout\"><div class=\"kt-row-layout-overlay kt-row-overlay-gradient\"><\/div><div class=\"kt-row-column-wrap kt-has-1-columns kt-row-layout-equal kt-tab-layout-inherit kt-mobile-layout-row kt-row-valign-middle kb-theme-content-width\">\n<style>.kadence-column1808_7a8b70-99 > .kt-inside-inner-col{display:flex;}.kadence-column1808_7a8b70-99 > .kt-inside-inner-col,.kadence-column1808_7a8b70-99 > .kt-inside-inner-col:before{border-top-left-radius:0px;border-top-right-radius:0px;border-bottom-right-radius:0px;border-bottom-left-radius:0px;}.kadence-column1808_7a8b70-99 > .kt-inside-inner-col{column-gap:var(--global-kb-gap-sm, 1rem);}.kadence-column1808_7a8b70-99 > .kt-inside-inner-col{flex-direction:column;justify-content:center;}.kadence-column1808_7a8b70-99 > .kt-inside-inner-col > .aligncenter{width:100%;}.kt-row-column-wrap > .kadence-column1808_7a8b70-99{align-self:center;}.kt-inner-column-height-full:not(.kt-has-1-columns) > .wp-block-kadence-column.kadence-column1808_7a8b70-99{align-self:auto;}.kt-inner-column-height-full:not(.kt-has-1-columns) > .wp-block-kadence-column.kadence-column1808_7a8b70-99 > .kt-inside-inner-col{flex-direction:column;justify-content:center;}.kadence-column1808_7a8b70-99 > .kt-inside-inner-col:before{opacity:0.3;}.kadence-column1808_7a8b70-99{position:relative;}@media all and (max-width: 1024px){.kt-row-column-wrap > .kadence-column1808_7a8b70-99{align-self:center;}}@media all and (max-width: 1024px){.kt-inner-column-height-full:not(.kt-has-1-columns) > .wp-block-kadence-column.kadence-column1808_7a8b70-99{align-self:auto;}}@media all and (max-width: 1024px){.kt-inner-column-height-full:not(.kt-has-1-columns) > .wp-block-kadence-column.kadence-column1808_7a8b70-99 > .kt-inside-inner-col{flex-direction:column;justify-content:center;}}@media all and (max-width: 1024px){.kadence-column1808_7a8b70-99 > .kt-inside-inner-col{flex-direction:column;justify-content:center;}}@media all and (max-width: 767px){.kt-row-column-wrap > .kadence-column1808_7a8b70-99{align-self:center;}.kt-inner-column-height-full:not(.kt-has-1-columns) > .wp-block-kadence-column.kadence-column1808_7a8b70-99{align-self:auto;}.kt-inner-column-height-full:not(.kt-has-1-columns) > .wp-block-kadence-column.kadence-column1808_7a8b70-99 > .kt-inside-inner-col{flex-direction:column;justify-content:center;}.kadence-column1808_7a8b70-99 > .kt-inside-inner-col{flex-direction:column;justify-content:center;}}<\/style>\n<div class=\"wp-block-kadence-column kadence-column1808_7a8b70-99\"><div class=\"kt-inside-inner-col\"><style>.wp-block-kadence-advancedheading.kt-adv-heading1808_640071-5c, .wp-block-kadence-advancedheading.kt-adv-heading1808_640071-5c[data-kb-block=\"kb-adv-heading1808_640071-5c\"]{text-align:center;font-style:normal;}.wp-block-kadence-advancedheading.kt-adv-heading1808_640071-5c mark.kt-highlight, .wp-block-kadence-advancedheading.kt-adv-heading1808_640071-5c[data-kb-block=\"kb-adv-heading1808_640071-5c\"] mark.kt-highlight{font-style:normal;color:#f76a0c;-webkit-box-decoration-break:clone;box-decoration-break:clone;padding-top:0px;padding-right:0px;padding-bottom:0px;padding-left:0px;}.wp-block-kadence-advancedheading.kt-adv-heading1808_640071-5c img.kb-inline-image, .wp-block-kadence-advancedheading.kt-adv-heading1808_640071-5c[data-kb-block=\"kb-adv-heading1808_640071-5c\"] img.kb-inline-image{width:150px;vertical-align:baseline;}<\/style>\n<h2 class=\"kt-adv-heading1808_640071-5c wp-block-kadence-advancedheading has-theme-palette-9-color has-text-color\" data-kb-block=\"kb-adv-heading1808_640071-5c\"><strong><strong><strong>Seniorenfreundliche Reisepakete<\/strong><\/strong><\/strong><\/h2>\n\n\n\n<p class=\"has-text-align-center has-theme-palette-9-color has-text-color has-link-color wp-elements-16dde0091f1d091fc5ca202e594dab8f\">Wir bieten sorgf\u00e4ltig gestaltete Reiseerlebnisse an 6 einzigartigen Reisezielen mit 4 ma\u00dfgeschneiderten Paketen f\u00fcr unterschiedliche Bed\u00fcrfnisse und Vorlieben. Bitte w\u00e4hlen Sie Ihr Reiseziel aus und entdecken Sie das Paket, das am besten zu Ihrer Reise passt.<\/p>\n<\/div><\/div>\n\n<\/div><\/div>\n\n\n<!DOCTYPE html>\n<html lang=\"en\">\n<head>\n<meta charset=\"UTF-8\">\n<title>Top Destinations<\/title>\n\n<link href=\"https:\/\/fonts.googleapis.com\/css2?family=Poppins:wght@300;400;500;600;700&#038;display=swap\" rel=\"stylesheet\">\n\n<style>\n.top-destinations {\n  max-width: 1290px;\n  margin: 60px auto;\n  padding: 0 20px;\n  font-family: 'Poppins', sans-serif;\n}\n\n.top-destinations h2 {\n  font-size: 28px;\n  margin-bottom: 10px;\n}\n\n.top-destinations p {\n  color: #666;\n  margin-bottom: 40px;\n  max-width: 1290px;\n}\n\n\/* GRID *\/\n.destination-grid {\n  display: grid;\n  grid-template-columns: repeat(3, 1fr);\n  gap: 25px;\n}\n\n\/* LINK RESET *\/\n.destination-link {\n  text-decoration: none;\n  color: inherit;\n}\n\n\/* CARD *\/\n.destination-card {\n  text-align: center;\n  cursor: pointer;\n}\n\n.destination-card img {\n  width: 100%;\n  height: 250px;\n  object-fit: cover;\n  border-radius: 12px;\n  transition: transform 0.4s ease;\n}\n\n.destination-card:hover img {\n  transform: scale(1.05);\n}\n\n.destination-card h3 {\n  margin: 15px 0 5px;\n  font-size: 18px;\n  font-weight: 600;\n}\n\n.destination-card span {\n  font-size: 14px;\n  color: #777;\n}\n\n\/* TABLET *\/\n@media (max-width: 1024px) {\n  .destination-grid {\n    grid-template-columns: repeat(2, 1fr);\n  }\n}\n\n\/* MOBILE \u2013 1 KUTU *\/\n@media (max-width: 768px) {\n  .destination-grid {\n    grid-template-columns: 1fr;\n  }\n\n  .destination-card img {\n    height: 200px;\n  }\n\n  .destination-card h3 {\n    font-size: 17px;\n  }\n}\n<\/style>\n<\/head>\n\n<body>\n\n<section class=\"top-destinations\">\n  <h2>EEntdecken Sie alle Reiseziele<\/h2>\n  <p>\n    Entdecken Sie sechs Reiseziele und w\u00e4hlen Sie aus vier sorgf\u00e4ltig zusammengestellten Paketen, die auf Komfort, Sicherheit und Flexibilit\u00e4t ausgelegt sind.\n  <\/p>\n\n  <div class=\"destination-grid\">\n\n    <a href=\"https:\/\/www.seniortravelturkey.com\/de\/didim\/\" class=\"destination-link\">\n      <div class=\"destination-card\">\n        <img decoding=\"async\" src=\"https:\/\/www.seniortravelturkey.com\/de\/wp-content\/uploads\/2026\/02\/apollon-tapinagi-1.webp\" alt=\"Didim\">\n        <h3>Didim<\/h3>\n        <span>4 Pakete<\/span>\n      <\/div>\n    <\/a>\n\n    <a href=\"https:\/\/www.seniortravelturkey.com\/de\/antalya\/\" class=\"destination-link\">\n      <div class=\"destination-card\">\n        <img decoding=\"async\" src=\"https:\/\/www.seniortravelturkey.com\/de\/wp-content\/uploads\/2026\/01\/indir-1.webp\" alt=\"Antalya\">\n        <h3>Antalya<\/h3>\n        <span>4 Pakete<\/span>\n      <\/div>\n    <\/a>\n\n    <a href=\"https:\/\/www.seniortravelturkey.com\/de\/izmir\/\" class=\"destination-link\">\n      <div class=\"destination-card\">\n        <img decoding=\"async\" src=\"https:\/\/www.seniortravelturkey.com\/de\/wp-content\/uploads\/2026\/02\/1735304399.webp\" alt=\"\u0130zmir\">\n        <h3>\u0130zmir<\/h3>\n        <span>4 Pakete<\/span>\n      <\/div>\n    <\/a>\n\n    <a href=\"https:\/\/www.seniortravelturkey.com\/de\/kusadasi\/\" class=\"destination-link\">\n      <div class=\"destination-card\">\n        <img decoding=\"async\" src=\"https:\/\/www.seniortravelturkey.com\/de\/wp-content\/uploads\/2026\/02\/licensed-image.jpeg\" alt=\"Ku\u015fadas\u0131\">\n        <h3>Ku\u015fadas\u0131<\/h3>\n        <span>4 Pakete<\/span>\n      <\/div>\n    <\/a>\n\n    <a href=\"https:\/\/www.seniortravelturkey.com\/de\/bodrum\/\" class=\"destination-link\">\n      <div class=\"destination-card\">\n        <img decoding=\"async\" src=\"https:\/\/www.seniortravelturkey.com\/de\/wp-content\/uploads\/2026\/02\/bodrum-kalesi.webp\" alt=\"Bodrum\">\n        <h3>Bodrum<\/h3>\n        <span>4 Pakete<\/span>\n      <\/div>\n    <\/a>\n\n  <\/div>\n<\/section>\n\n<\/body>\n<\/html>\n","protected":false},"excerpt":{"rendered":"<p>Seniorenfreundliche Reisepakete Wir bieten sorgf\u00e4ltig gestaltete Reiseerlebnisse an 6 einzigartigen Reisezielen mit 4 ma\u00dfgeschneiderten Paketen f\u00fcr unterschiedliche Bed\u00fcrfnisse und Vorlieben. Bitte w\u00e4hlen Sie Ihr Reiseziel aus und entdecken Sie das Paket, das am besten zu Ihrer Reise passt. Seniorenfreundliche Reisepakete Wir bieten sorgf\u00e4ltig gestaltete Reiseerlebnisse an 6 einzigartigen Reisezielen mit 4 ma\u00dfgeschneiderten Paketen f\u00fcr unterschiedliche&#8230;<\/p>\n","protected":false},"author":1,"featured_media":0,"parent":0,"menu_order":0,"comment_status":"closed","ping_status":"closed","template":"","meta":{"_kad_post_transparent":"disable","_kad_post_title":"hide","_kad_post_layout":"","_kad_post_sidebar_id":"","_kad_post_content_style":"unboxed","_kad_post_vertical_padding":"bottom","_kad_post_feature":"","_kad_post_feature_position":"","_kad_post_header":false,"_kad_post_footer":false,"_kad_post_classname":"","footnotes":""},"class_list":["post-1808","page","type-page","status-publish","hentry"],"_links":{"self":[{"href":"https:\/\/www.seniortravelturkey.com\/de\/wp-json\/wp\/v2\/pages\/1808","targetHints":{"allow":["GET"]}}],"collection":[{"href":"https:\/\/www.seniortravelturkey.com\/de\/wp-json\/wp\/v2\/pages"}],"about":[{"href":"https:\/\/www.seniortravelturkey.com\/de\/wp-json\/wp\/v2\/types\/page"}],"author":[{"embeddable":true,"href":"https:\/\/www.seniortravelturkey.com\/de\/wp-json\/wp\/v2\/users\/1"}],"replies":[{"embeddable":true,"href":"https:\/\/www.seniortravelturkey.com\/de\/wp-json\/wp\/v2\/comments?post=1808"}],"version-history":[{"count":53,"href":"https:\/\/www.seniortravelturkey.com\/de\/wp-json\/wp\/v2\/pages\/1808\/revisions"}],"predecessor-version":[{"id":4247,"href":"https:\/\/www.seniortravelturkey.com\/de\/wp-json\/wp\/v2\/pages\/1808\/revisions\/4247"}],"wp:attachment":[{"href":"https:\/\/www.seniortravelturkey.com\/de\/wp-json\/wp\/v2\/media?parent=1808"}],"curies":[{"name":"wp","href":"https:\/\/api.w.org\/{rel}","templated":true}]}}